{"id":1873,"date":"2016-01-29T09:51:22","date_gmt":"2016-01-29T09:51:22","guid":{"rendered":"https:\/\/swissventureadvisors.com\/index.php\/home\/"},"modified":"2020-01-31T09:11:04","modified_gmt":"2020-01-31T09:11:04","slug":"home","status":"publish","type":"page","link":"https:\/\/swissventureadvisors.com\/index.php\/home\/?lang=fr","title":{"rendered":"accueil"},"content":{"rendered":"<p>[vc_row full_width=&#8221;stretch_row&#8221; bg_type=&#8221;bg_color&#8221; bg_override=&#8221;ex-full&#8221; type=&#8221;vc_default&#8221; bg_color_value=&#8221;#f5f5f5&#8243; css=&#8221;.vc_custom_1496417868939{padding-top: 70px !important;padding-bottom: 20px !important;}&#8221;][vc_column width=&#8221;1\/6&#8243; css=&#8221;.vc_custom_1490364209546{padding-bottom: 80px !important;}&#8221;][\/vc_column][vc_column width=&#8221;2\/3&#8243;]<div id=\"ultimate-heading-378969e843f2cd6dc\" class=\"uvc-heading ult-adjust-bottom-margin ultimate-heading-378969e843f2cd6dc uvc-8099 accent-border-color\" data-hspacer=\"line_only\"  data-halign=\"center\" style=\"text-align:center\"><div class=\"uvc-main-heading ult-responsive\"  data-ultimate-target='.uvc-heading.ultimate-heading-378969e843f2cd6dc h2'  data-responsive-json-new='{\"font-size\":\"desktop:40px;\",\"line-height\":\"desktop:46px;\"}' ><h2 style=\"font-weight:bold;margin-bottom:15px;\">SWISS VENTURE ADVISORS<\/h2><\/div><div class=\"uvc-heading-spacer line_only\" style=\"topheight:5px;\"><span class=\"uvc-headings-line\" style=\"border-style:solid;border-bottom-width:5px;border-color:;width:200px;\"><\/span><\/div><\/div>[vc_empty_space]<div class=\"shortcode-single-image-wrap alignnone  vc_custom_1574411891099\" ><div class=\"shortcode-single-image\"><div class=\"fancy-media-wrap  layzr-bg\" style=\"\"><img class=\"preload-me lazy-load\" src=\"data:image\/svg+xml,%3Csvg%20xmlns%3D&#39;http%3A%2F%2Fwww.w3.org%2F2000%2Fsvg&#39;%20viewBox%3D&#39;0%200%201200%20620&#39;%2F%3E\" data-src=\"https:\/\/swissventureadvisors.com\/wp-content\/uploads\/2019\/11\/Hanoi_Adobe-1200x620.jpg\" data-srcset=\"https:\/\/swissventureadvisors.com\/wp-content\/uploads\/2019\/11\/Hanoi_Adobe-1200x620.jpg 1200w\" width=\"1200\" height=\"620\"  data-dt-location=\"https:\/\/swissventureadvisors.com\/hanoi_adobe\/\" style=\"\" alt=\"\" \/><\/div><\/div><\/div>[vc_column_text css=&#8221;.vc_custom_1580374524025{padding-bottom: 20px !important;}&#8221;]Swiss Venture Advisors est une soci\u00e9t\u00e9 de conseils qui fournit une expertise pour le d\u00e9veloppement de vos affaires entre le Vietnam et l\u2019Europe.<\/p>\n<p>Notre priorit\u00e9 est le development d\u2019une relation \u00e0 long-terme bas\u00e9e sur la confiance et de fournir des r\u00e9sultats tangibles en acqu\u00e9rant une profondes compr\u00e9hensions des besoins de nos clients.<\/p>\n<p>La direction de Swiss Venture Advisors poss\u00e8de plus de 20 ans d\u2019exp\u00e9rience des les services financier et l\u2019immobilier en Australie, Asie et Europe.[\/vc_column_text][\/vc_column][vc_column width=&#8221;1\/6&#8243;][\/vc_column][\/vc_row][vc_row type=&#8221;vc_default&#8221; margin_top=&#8221;60&#8243; margin_bottom=&#8221;-40&#8243; css=&#8221;.vc_custom_1497598014815{padding-top: 70px !important;padding-bottom: 20px !important;}&#8221;][vc_column css=&#8221;.vc_custom_1490364540235{padding-bottom: 80px !important;}&#8221;]<div id=\"ultimate-heading-297769e843f2ce982\" class=\"uvc-heading ult-adjust-bottom-margin ultimate-heading-297769e843f2ce982 uvc-659 accent-border-color\" data-hspacer=\"line_only\"  data-halign=\"center\" style=\"text-align:center\"><div class=\"uvc-main-heading ult-responsive\"  data-ultimate-target='.uvc-heading.ultimate-heading-297769e843f2ce982 h2'  data-responsive-json-new='{\"font-size\":\"desktop:40px;\",\"line-height\":\"desktop:46px;\"}' ><h2 style=\"font-weight:bold;margin-bottom:15px;\">NOUVELLES ET \u00c9V\u00c9NEMENTS R\u00c9CENTS<\/h2><\/div><div class=\"uvc-heading-spacer line_only\" style=\"topheight:5px;\"><span class=\"uvc-headings-line\" style=\"border-style:solid;border-bottom-width:5px;border-color:;width:200px;\"><\/span><\/div><\/div>[\/vc_column][\/vc_row][vc_row][vc_column]<style type=\"text\/css\" data-type=\"the7_shortcodes-inline-css\">.blog-shortcode.blog-masonry-shortcode-id-f1bd17cc6a3b9bafe99e248372b8f28e.dividers-on.classic-layout-list article {\n  margin-top: ;\n  padding-top: 0;\n  border-color: ;\n}\n.blog-shortcode.blog-masonry-shortcode-id-f1bd17cc6a3b9bafe99e248372b8f28e.dividers-on.classic-layout-list article:first-of-type {\n  margin-top: 0;\n  padding-top: 0;\n}\n.blog-shortcode.blog-masonry-shortcode-id-f1bd17cc6a3b9bafe99e248372b8f28e.classic-layout-list.mode-list .post-thumbnail-wrap {\n  width: ;\n}\n.blog-shortcode.blog-masonry-shortcode-id-f1bd17cc6a3b9bafe99e248372b8f28e.classic-layout-list.mode-list .post-entry-content {\n  width: calc(100% - );\n}\n.blog-shortcode.blog-masonry-shortcode-id-f1bd17cc6a3b9bafe99e248372b8f28e.classic-layout-list.mode-list .no-img .post-entry-content {\n  width: 100%;\n}\n.blog-shortcode.blog-masonry-shortcode-id-f1bd17cc6a3b9bafe99e248372b8f28e .filter-bg-decoration .filter-categories a.act {\n  color: #fff;\n}\n.blog-shortcode.blog-masonry-shortcode-id-f1bd17cc6a3b9bafe99e248372b8f28e:not(.mode-masonry) article {\n  margin-top: ;\n}\n.blog-shortcode.blog-masonry-shortcode-id-f1bd17cc6a3b9bafe99e248372b8f28e:not(.mode-masonry) article:first-of-type,\n.blog-shortcode.blog-masonry-shortcode-id-f1bd17cc6a3b9bafe99e248372b8f28e:not(.mode-masonry) article.visible.first:not(.product) {\n  margin-top: 0;\n}\n.blog-shortcode.blog-masonry-shortcode-id-f1bd17cc6a3b9bafe99e248372b8f28e.dividers-on:not(.mode-masonry) article {\n  margin-top: 0;\n  padding-top: ;\n}\n.blog-shortcode.blog-masonry-shortcode-id-f1bd17cc6a3b9bafe99e248372b8f28e.dividers-on:not(.mode-masonry) article:first-of-type,\n.blog-shortcode.blog-masonry-shortcode-id-f1bd17cc6a3b9bafe99e248372b8f28e.dividers-on:not(.mode-masonry) article.visible.first:not(.product) {\n  margin-top: 0;\n  padding-top: 0;\n}\n.blog-shortcode.blog-masonry-shortcode-id-f1bd17cc6a3b9bafe99e248372b8f28e .post-thumbnail-wrap {\n  padding: 0px 0px 0px 0px;\n}\n.blog-shortcode.blog-masonry-shortcode-id-f1bd17cc6a3b9bafe99e248372b8f28e.enable-bg-rollover .post-thumbnail-rollover:after {\n  background: ;\n  background: -webkit-linear-gradient();\n  background: linear-gradient();\n}\n.blog-shortcode.blog-masonry-shortcode-id-f1bd17cc6a3b9bafe99e248372b8f28e .gallery-zoom-ico {\n  width: 44px;\n  height: 44px;\n  line-height: 44px;\n  border-radius: 100px;\n  margin: -22px 0 0 -22px;\n  border-width: 0px;\n  color: #ffffff;\n}\n.bottom-overlap-layout-list.blog-shortcode.blog-masonry-shortcode-id-f1bd17cc6a3b9bafe99e248372b8f28e .gallery-zoom-ico {\n  margin-top: -72px;\n}\n.gradient-overlay-layout-list.blog-shortcode.blog-masonry-shortcode-id-f1bd17cc6a3b9bafe99e248372b8f28e .gallery-zoom-ico,\n.content-rollover-layout-list.blog-shortcode.blog-masonry-shortcode-id-f1bd17cc6a3b9bafe99e248372b8f28e .gallery-zoom-ico {\n  margin: 0 0 10px;\n}\n.content-align-center.gradient-overlay-layout-list.blog-shortcode.blog-masonry-shortcode-id-f1bd17cc6a3b9bafe99e248372b8f28e .gallery-zoom-ico,\n.content-align-center.content-rollover-layout-list.blog-shortcode.blog-masonry-shortcode-id-f1bd17cc6a3b9bafe99e248372b8f28e .gallery-zoom-ico {\n  margin: 0 auto 10px;\n}\n.dt-icon-bg-on.blog-shortcode.blog-masonry-shortcode-id-f1bd17cc6a3b9bafe99e248372b8f28e .gallery-zoom-ico {\n  background: rgba(255,255,255,0.3);\n  -webkit-box-shadow: none;\n  box-shadow: none;\n}\n.blog-shortcode.blog-masonry-shortcode-id-f1bd17cc6a3b9bafe99e248372b8f28e .gallery-zoom-ico > span,\n.blog-shortcode.blog-masonry-shortcode-id-f1bd17cc6a3b9bafe99e248372b8f28e .gallery-zoom-ico:before {\n  font-size: 32px;\n  line-height: 44px;\n}\n.blog-shortcode.blog-masonry-shortcode-id-f1bd17cc6a3b9bafe99e248372b8f28e .gallery-zoom-ico > span,\n.blog-shortcode.blog-masonry-shortcode-id-f1bd17cc6a3b9bafe99e248372b8f28e .gallery-zoom-ico:before {\n  color: #ffffff;\n}\n.blog-shortcode.blog-masonry-shortcode-id-f1bd17cc6a3b9bafe99e248372b8f28e .fancy-date a * {\n  color: #1f365c;\n}\n.blog-shortcode.blog-masonry-shortcode-id-f1bd17cc6a3b9bafe99e248372b8f28e .entry-title,\n.blog-shortcode.blog-masonry-shortcode-id-f1bd17cc6a3b9bafe99e248372b8f28e.owl-carousel .entry-title {\n  margin-bottom: 5px;\n  font-size: 20px;\n  line-height: 26px;\n  font-weight: bold;\n}\n.blog-shortcode.blog-masonry-shortcode-id-f1bd17cc6a3b9bafe99e248372b8f28e .entry-meta {\n  margin-bottom: 15px;\n}\n.blog-shortcode.blog-masonry-shortcode-id-f1bd17cc6a3b9bafe99e248372b8f28e .portfolio-categories {\n  margin-bottom: 15px;\n}\n.blog-shortcode.blog-masonry-shortcode-id-f1bd17cc6a3b9bafe99e248372b8f28e .entry-excerpt {\n  margin-bottom: 5px;\n}\n.blog-shortcode.blog-masonry-shortcode-id-f1bd17cc6a3b9bafe99e248372b8f28e:not(.centered-layout-list) .post-entry-content {\n  padding: 25px 0px 30px 0px;\n}\n.blog-shortcode.blog-masonry-shortcode-id-f1bd17cc6a3b9bafe99e248372b8f28e:not(.centered-layout-list):not(.content-bg-on):not(.mode-list) .no-img .post-entry-content {\n  padding: 0;\n}\n@media screen and (max-width: ) {\n  .blog-shortcode.blog-masonry-shortcode-id-f1bd17cc6a3b9bafe99e248372b8f28e article {\n    -webkit-flex-flow: column nowrap;\n    -moz-flex-flow: column nowrap;\n    -ms-flex-flow: column nowrap;\n    flex-flow: column nowrap;\n    margin-top: 20px;\n  }\n  .blog-shortcode.blog-masonry-shortcode-id-f1bd17cc6a3b9bafe99e248372b8f28e.dividers-on article {\n    border: none;\n  }\n  .blog-shortcode.blog-masonry-shortcode-id-f1bd17cc6a3b9bafe99e248372b8f28e.content-bg-on.centered-layout-list article {\n    padding: 0;\n  }\n  .blog-shortcode.blog-masonry-shortcode-id-f1bd17cc6a3b9bafe99e248372b8f28e.blog-shortcode.dividers-on article,\n  .blog-shortcode.blog-masonry-shortcode-id-f1bd17cc6a3b9bafe99e248372b8f28e.dividers-on.classic-layout-list article {\n    margin-top: 20px;\n    padding: 0;\n  }\n  .blog-shortcode.blog-masonry-shortcode-id-f1bd17cc6a3b9bafe99e248372b8f28e.blog-shortcode.dividers-on article:first-of-type,\n  .blog-shortcode.blog-masonry-shortcode-id-f1bd17cc6a3b9bafe99e248372b8f28e.dividers-on.classic-layout-list article:first-of-type {\n    padding: 0;\n  }\n  #page .blog-shortcode.blog-masonry-shortcode-id-f1bd17cc6a3b9bafe99e248372b8f28e .post-thumbnail-wrap,\n  #page .blog-shortcode.blog-masonry-shortcode-id-f1bd17cc6a3b9bafe99e248372b8f28e .post-entry-content {\n    width: 100%;\n    margin: 0;\n    top: 0;\n  }\n  #page .blog-shortcode.blog-masonry-shortcode-id-f1bd17cc6a3b9bafe99e248372b8f28e .post-thumbnail-wrap {\n    padding: 0;\n  }\n  #page .blog-shortcode.blog-masonry-shortcode-id-f1bd17cc6a3b9bafe99e248372b8f28e .post-entry-content:after {\n    display: none;\n  }\n  #page .blog-shortcode.blog-masonry-shortcode-id-f1bd17cc6a3b9bafe99e248372b8f28e .project-even .post-thumbnail-wrap,\n  #page .blog-shortcode.blog-masonry-shortcode-id-f1bd17cc6a3b9bafe99e248372b8f28e.centered-layout-list .post-thumbnail-wrap {\n    -webkit-order: 0;\n    -moz-order: 0;\n    -ms-flex-order: 0;\n    order: 0;\n  }\n  #page .blog-shortcode.blog-masonry-shortcode-id-f1bd17cc6a3b9bafe99e248372b8f28e.centered-layout-list .post-entry-title-content {\n    -webkit-order: 1;\n    -moz-order: 1;\n    -ms-flex-order: 1;\n    order: 1;\n    width: 100%;\n    padding: 20px 20px 0;\n  }\n  #page .blog-shortcode.blog-masonry-shortcode-id-f1bd17cc6a3b9bafe99e248372b8f28e.centered-layout-list .post-entry-content {\n    -webkit-order: 2;\n    -moz-order: 2;\n    -ms-flex-order: 2;\n    order: 2;\n    padding-top: 0;\n  }\n  #page .blog-shortcode.blog-masonry-shortcode-id-f1bd17cc6a3b9bafe99e248372b8f28e .fancy-categories {\n    top: 10px;\n    left: 10px;\n    bottom: auto;\n    right: auto;\n  }\n  #page .blog-shortcode.blog-masonry-shortcode-id-f1bd17cc6a3b9bafe99e248372b8f28e .fancy-date a {\n    top: 10px;\n    right: 10px;\n    left: auto;\n    bottom: auto;\n  }\n  #page .blog-shortcode.blog-masonry-shortcode-id-f1bd17cc6a3b9bafe99e248372b8f28e .post-entry-content {\n    padding: 20px;\n  }\n  #page .blog-shortcode.blog-masonry-shortcode-id-f1bd17cc6a3b9bafe99e248372b8f28e .entry-title {\n    margin: 3px 0 5px;\n    font-size: 20px;\n    line-height: 26px;\n  }\n  #page .blog-shortcode.blog-masonry-shortcode-id-f1bd17cc6a3b9bafe99e248372b8f28e .entry-meta {\n    margin: 5px 0 5px;\n  }\n  #page .blog-shortcode.blog-masonry-shortcode-id-f1bd17cc6a3b9bafe99e248372b8f28e .entry-excerpt {\n    margin: 15px 0 0;\n  }\n  #page .blog-shortcode.blog-masonry-shortcode-id-f1bd17cc6a3b9bafe99e248372b8f28e .post-details {\n    margin: 5px 0 10px;\n  }\n  #page .blog-shortcode.blog-masonry-shortcode-id-f1bd17cc6a3b9bafe99e248372b8f28e .post-details.details-type-link {\n    margin-bottom: 2px;\n  }\n}\n<\/style><div class=\"blog-shortcode blog-masonry-shortcode-id-f1bd17cc6a3b9bafe99e248372b8f28e mode-masonry classic-layout-list jquery-filter horizontal-fancy-style enable-bg-rollover dt-icon-bg-off resize-by-browser-width loading-effect-none description-under-image \" data-padding=\"15px\" data-cur-page=\"1\" data-post-limit=\"-1\" data-pagination-mode=\"none\" data-desktop-columns-num=\"3\" data-v-tablet-columns-num=\"2\" data-h-tablet-columns-num=\"3\" data-phone-columns-num=\"1\" data-width=\"0px\" data-columns=\"0\"><div class=\"iso-container\" ><\/div><!-- iso-container|iso-grid --><\/div>[\/vc_column][\/vc_row]<\/p>\n","protected":false},"excerpt":{"rendered":"<p>[vc_row full_width=&#8221;stretch_row&#8221; bg_type=&#8221;bg_color&#8221; bg_override=&#8221;ex-full&#8221; type=&#8221;vc_default&#8221; bg_color_value=&#8221;#f5f5f5&#8243; css=&#8221;.vc_custom_1496417868939{padding-top: 70px !important;padding-bottom: 20px !important;}&#8221;][vc_column width=&#8221;1\/6&#8243; css=&#8221;.vc_custom_1490364209546{padding-bottom: 80px !important;}&#8221;][\/vc_column][vc_column width=&#8221;2\/3&#8243;][vc_empty_space][vc_column_text css=&#8221;.vc_custom_1580374524025{padding-bottom: 20px !important;}&#8221;]Swiss Venture Advisors est une soci\u00e9t\u00e9 de conseils qui fournit une expertise pour le d\u00e9veloppement de vos affaires entre le Vietnam et l\u2019Europe. Notre priorit\u00e9 est le development d\u2019une relation \u00e0 long-terme bas\u00e9e sur la confiance et&hellip;<\/p>\n","protected":false},"author":1,"featured_media":0,"parent":0,"menu_order":0,"comment_status":"closed","ping_status":"closed","template":"","meta":[],"_links":{"self":[{"href":"https:\/\/swissventureadvisors.com\/index.php\/wp-json\/wp\/v2\/pages\/1873"}],"collection":[{"href":"https:\/\/swissventureadvisors.com\/index.php\/wp-json\/wp\/v2\/pages"}],"about":[{"href":"https:\/\/swissventureadvisors.com\/index.php\/wp-json\/wp\/v2\/types\/page"}],"author":[{"embeddable":true,"href":"https:\/\/swissventureadvisors.com\/index.php\/wp-json\/wp\/v2\/users\/1"}],"replies":[{"embeddable":true,"href":"https:\/\/swissventureadvisors.com\/index.php\/wp-json\/wp\/v2\/comments?post=1873"}],"version-history":[{"count":12,"href":"https:\/\/swissventureadvisors.com\/index.php\/wp-json\/wp\/v2\/pages\/1873\/revisions"}],"predecessor-version":[{"id":1990,"href":"https:\/\/swissventureadvisors.com\/index.php\/wp-json\/wp\/v2\/pages\/1873\/revisions\/1990"}],"wp:attachment":[{"href":"https:\/\/swissventureadvisors.com\/index.php\/wp-json\/wp\/v2\/media?parent=1873"}],"curies":[{"name":"wp","href":"https:\/\/api.w.org\/{rel}","templated":true}]}}