{"id":1875,"date":"2016-01-29T09:51:22","date_gmt":"2016-01-29T09:51:22","guid":{"rendered":"https:\/\/swissventureadvisors.com\/index.php\/home\/"},"modified":"2020-01-31T11:23:11","modified_gmt":"2020-01-31T11:23:11","slug":"home","status":"publish","type":"page","link":"https:\/\/swissventureadvisors.com\/index.php\/home\/?lang=vi","title":{"rendered":"Trang ch\u1ee7"},"content":{"rendered":"<p>[vc_row full_width=&#8221;stretch_row&#8221; bg_type=&#8221;bg_color&#8221; bg_override=&#8221;ex-full&#8221; type=&#8221;vc_default&#8221; bg_color_value=&#8221;#f5f5f5&#8243; css=&#8221;.vc_custom_1496417868939{padding-top: 70px !important;padding-bottom: 20px !important;}&#8221;][vc_column width=&#8221;1\/6&#8243; css=&#8221;.vc_custom_1490364209546{padding-bottom: 80px !important;}&#8221;][\/vc_column][vc_column width=&#8221;2\/3&#8243;]<div id=\"ultimate-heading-069e82cc05e475\" class=\"uvc-heading ult-adjust-bottom-margin ultimate-heading-069e82cc05e475 uvc-4354 accent-border-color\" data-hspacer=\"line_only\"  data-halign=\"center\" style=\"text-align:center\"><div class=\"uvc-main-heading ult-responsive\"  data-ultimate-target='.uvc-heading.ultimate-heading-069e82cc05e475 h2'  data-responsive-json-new='{\"font-size\":\"desktop:40px;\",\"line-height\":\"desktop:46px;\"}' ><h2 style=\"font-weight:bold;margin-bottom:15px;\">CH\u00c0O M\u1eeaNG \u0110\u1ebeN V\u1edaI SWISS VENTURE ADVISORS<\/h2><\/div><div class=\"uvc-heading-spacer line_only\" style=\"topheight:5px;\"><span class=\"uvc-headings-line\" style=\"border-style:solid;border-bottom-width:5px;border-color:;width:200px;\"><\/span><\/div><\/div>[vc_empty_space][vc_column_text css=&#8221;.vc_custom_1580469790589{padding-bottom: 20px !important;}&#8221;]Swiss Venture Advisor l\u00e0 m\u1ed9t c\u00f4ng ty t\u01b0 v\u1ea5n chuy\u00ean cung c\u1ea5p d\u1ecbch v\u1ee5 xuy\u00ean qu\u1ed1c gia gi\u1eefa Vi\u1ec7t Nam v\u00e0 c\u00e1c n\u01b0\u1edbc Ch\u00e2u \u00e2u.<\/p>\n<p>Ch\u00fang t\u00f4i t\u1eadp trung v\u00e0o vi\u1ec7c t\u1ea1o ra m\u1ed9t m\u1ed1i li\u00ean h\u1ec7 l\u00e2u d\u00e0i d\u1ef1a ni\u1ec1m tin v\u00e0 k\u1ebft qu\u1ea3 nh\u1eadn \u0111\u01b0\u1ee3c b\u1eb1ng c\u00e1ch \u0111\u1ea1t \u0111\u01b0\u1ee3c s\u1ef1 th\u1ea5u hi\u1ec3u s\u00e2u s\u1eafc v\u1edbi nhu c\u1ea7u c\u1ee7a kh\u00e1ch h\u00e0ng.[\/vc_column_text]<div class=\"shortcode-single-image-wrap alignnone  vc_custom_1574411891099\" ><div class=\"shortcode-single-image\"><div class=\"fancy-media-wrap  layzr-bg\" style=\"\"><img class=\"preload-me lazy-load\" src=\"data:image\/svg+xml,%3Csvg%20xmlns%3D&#39;http%3A%2F%2Fwww.w3.org%2F2000%2Fsvg&#39;%20viewBox%3D&#39;0%200%201200%20620&#39;%2F%3E\" data-src=\"https:\/\/swissventureadvisors.com\/wp-content\/uploads\/2019\/11\/Hanoi_Adobe-1200x620.jpg\" data-srcset=\"https:\/\/swissventureadvisors.com\/wp-content\/uploads\/2019\/11\/Hanoi_Adobe-1200x620.jpg 1200w\" width=\"1200\" height=\"620\"  data-dt-location=\"https:\/\/swissventureadvisors.com\/hanoi_adobe\/\" style=\"\" alt=\"\" \/><\/div><\/div><\/div>[\/vc_column][vc_column width=&#8221;1\/6&#8243;][\/vc_column][\/vc_row][vc_row type=&#8221;vc_default&#8221; margin_top=&#8221;60&#8243; margin_bottom=&#8221;-40&#8243; css=&#8221;.vc_custom_1497598014815{padding-top: 70px !important;padding-bottom: 20px !important;}&#8221;][vc_column css=&#8221;.vc_custom_1490364540235{padding-bottom: 80px !important;}&#8221;]<div id=\"ultimate-heading-54769e82cc05f95b\" class=\"uvc-heading ult-adjust-bottom-margin ultimate-heading-54769e82cc05f95b uvc-7775 accent-border-color\" data-hspacer=\"line_only\"  data-halign=\"center\" style=\"text-align:center\"><div class=\"uvc-main-heading ult-responsive\"  data-ultimate-target='.uvc-heading.ultimate-heading-54769e82cc05f95b h2'  data-responsive-json-new='{\"font-size\":\"desktop:40px;\",\"line-height\":\"desktop:46px;\"}' ><h2 style=\"font-weight:bold;margin-bottom:15px;\">TIN T\u1ee8C V\u00c0 S\u1ef0 KI\u1ec6N<\/h2><\/div><div class=\"uvc-heading-spacer line_only\" style=\"topheight:5px;\"><span class=\"uvc-headings-line\" style=\"border-style:solid;border-bottom-width:5px;border-color:;width:200px;\"><\/span><\/div><\/div>[\/vc_column][\/vc_row][vc_row][vc_column]<style type=\"text\/css\" data-type=\"the7_shortcodes-inline-css\">.blog-shortcode.blog-masonry-shortcode-id-f1bd17cc6a3b9bafe99e248372b8f28e.dividers-on.classic-layout-list article {\n  margin-top: ;\n  padding-top: 0;\n  border-color: ;\n}\n.blog-shortcode.blog-masonry-shortcode-id-f1bd17cc6a3b9bafe99e248372b8f28e.dividers-on.classic-layout-list article:first-of-type {\n  margin-top: 0;\n  padding-top: 0;\n}\n.blog-shortcode.blog-masonry-shortcode-id-f1bd17cc6a3b9bafe99e248372b8f28e.classic-layout-list.mode-list .post-thumbnail-wrap {\n  width: ;\n}\n.blog-shortcode.blog-masonry-shortcode-id-f1bd17cc6a3b9bafe99e248372b8f28e.classic-layout-list.mode-list .post-entry-content {\n  width: calc(100% - );\n}\n.blog-shortcode.blog-masonry-shortcode-id-f1bd17cc6a3b9bafe99e248372b8f28e.classic-layout-list.mode-list .no-img .post-entry-content {\n  width: 100%;\n}\n.blog-shortcode.blog-masonry-shortcode-id-f1bd17cc6a3b9bafe99e248372b8f28e .filter-bg-decoration .filter-categories a.act {\n  color: #fff;\n}\n.blog-shortcode.blog-masonry-shortcode-id-f1bd17cc6a3b9bafe99e248372b8f28e:not(.mode-masonry) article {\n  margin-top: ;\n}\n.blog-shortcode.blog-masonry-shortcode-id-f1bd17cc6a3b9bafe99e248372b8f28e:not(.mode-masonry) article:first-of-type,\n.blog-shortcode.blog-masonry-shortcode-id-f1bd17cc6a3b9bafe99e248372b8f28e:not(.mode-masonry) article.visible.first:not(.product) {\n  margin-top: 0;\n}\n.blog-shortcode.blog-masonry-shortcode-id-f1bd17cc6a3b9bafe99e248372b8f28e.dividers-on:not(.mode-masonry) article {\n  margin-top: 0;\n  padding-top: ;\n}\n.blog-shortcode.blog-masonry-shortcode-id-f1bd17cc6a3b9bafe99e248372b8f28e.dividers-on:not(.mode-masonry) article:first-of-type,\n.blog-shortcode.blog-masonry-shortcode-id-f1bd17cc6a3b9bafe99e248372b8f28e.dividers-on:not(.mode-masonry) article.visible.first:not(.product) {\n  margin-top: 0;\n  padding-top: 0;\n}\n.blog-shortcode.blog-masonry-shortcode-id-f1bd17cc6a3b9bafe99e248372b8f28e .post-thumbnail-wrap {\n  padding: 0px 0px 0px 0px;\n}\n.blog-shortcode.blog-masonry-shortcode-id-f1bd17cc6a3b9bafe99e248372b8f28e.enable-bg-rollover .post-thumbnail-rollover:after {\n  background: ;\n  background: -webkit-linear-gradient();\n  background: linear-gradient();\n}\n.blog-shortcode.blog-masonry-shortcode-id-f1bd17cc6a3b9bafe99e248372b8f28e .gallery-zoom-ico {\n  width: 44px;\n  height: 44px;\n  line-height: 44px;\n  border-radius: 100px;\n  margin: -22px 0 0 -22px;\n  border-width: 0px;\n  color: #ffffff;\n}\n.bottom-overlap-layout-list.blog-shortcode.blog-masonry-shortcode-id-f1bd17cc6a3b9bafe99e248372b8f28e .gallery-zoom-ico {\n  margin-top: -72px;\n}\n.gradient-overlay-layout-list.blog-shortcode.blog-masonry-shortcode-id-f1bd17cc6a3b9bafe99e248372b8f28e .gallery-zoom-ico,\n.content-rollover-layout-list.blog-shortcode.blog-masonry-shortcode-id-f1bd17cc6a3b9bafe99e248372b8f28e .gallery-zoom-ico {\n  margin: 0 0 10px;\n}\n.content-align-center.gradient-overlay-layout-list.blog-shortcode.blog-masonry-shortcode-id-f1bd17cc6a3b9bafe99e248372b8f28e .gallery-zoom-ico,\n.content-align-center.content-rollover-layout-list.blog-shortcode.blog-masonry-shortcode-id-f1bd17cc6a3b9bafe99e248372b8f28e .gallery-zoom-ico {\n  margin: 0 auto 10px;\n}\n.dt-icon-bg-on.blog-shortcode.blog-masonry-shortcode-id-f1bd17cc6a3b9bafe99e248372b8f28e .gallery-zoom-ico {\n  background: rgba(255,255,255,0.3);\n  -webkit-box-shadow: none;\n  box-shadow: none;\n}\n.blog-shortcode.blog-masonry-shortcode-id-f1bd17cc6a3b9bafe99e248372b8f28e .gallery-zoom-ico > span,\n.blog-shortcode.blog-masonry-shortcode-id-f1bd17cc6a3b9bafe99e248372b8f28e .gallery-zoom-ico:before {\n  font-size: 32px;\n  line-height: 44px;\n}\n.blog-shortcode.blog-masonry-shortcode-id-f1bd17cc6a3b9bafe99e248372b8f28e .gallery-zoom-ico > span,\n.blog-shortcode.blog-masonry-shortcode-id-f1bd17cc6a3b9bafe99e248372b8f28e .gallery-zoom-ico:before {\n  color: #ffffff;\n}\n.blog-shortcode.blog-masonry-shortcode-id-f1bd17cc6a3b9bafe99e248372b8f28e .fancy-date a * {\n  color: #1f365c;\n}\n.blog-shortcode.blog-masonry-shortcode-id-f1bd17cc6a3b9bafe99e248372b8f28e .entry-title,\n.blog-shortcode.blog-masonry-shortcode-id-f1bd17cc6a3b9bafe99e248372b8f28e.owl-carousel .entry-title {\n  margin-bottom: 5px;\n  font-size: 20px;\n  line-height: 26px;\n  font-weight: bold;\n}\n.blog-shortcode.blog-masonry-shortcode-id-f1bd17cc6a3b9bafe99e248372b8f28e .entry-meta {\n  margin-bottom: 15px;\n}\n.blog-shortcode.blog-masonry-shortcode-id-f1bd17cc6a3b9bafe99e248372b8f28e .portfolio-categories {\n  margin-bottom: 15px;\n}\n.blog-shortcode.blog-masonry-shortcode-id-f1bd17cc6a3b9bafe99e248372b8f28e .entry-excerpt {\n  margin-bottom: 5px;\n}\n.blog-shortcode.blog-masonry-shortcode-id-f1bd17cc6a3b9bafe99e248372b8f28e:not(.centered-layout-list) .post-entry-content {\n  padding: 25px 0px 30px 0px;\n}\n.blog-shortcode.blog-masonry-shortcode-id-f1bd17cc6a3b9bafe99e248372b8f28e:not(.centered-layout-list):not(.content-bg-on):not(.mode-list) .no-img .post-entry-content {\n  padding: 0;\n}\n@media screen and (max-width: ) {\n  .blog-shortcode.blog-masonry-shortcode-id-f1bd17cc6a3b9bafe99e248372b8f28e article {\n    -webkit-flex-flow: column nowrap;\n    -moz-flex-flow: column nowrap;\n    -ms-flex-flow: column nowrap;\n    flex-flow: column nowrap;\n    margin-top: 20px;\n  }\n  .blog-shortcode.blog-masonry-shortcode-id-f1bd17cc6a3b9bafe99e248372b8f28e.dividers-on article {\n    border: none;\n  }\n  .blog-shortcode.blog-masonry-shortcode-id-f1bd17cc6a3b9bafe99e248372b8f28e.content-bg-on.centered-layout-list article {\n    padding: 0;\n  }\n  .blog-shortcode.blog-masonry-shortcode-id-f1bd17cc6a3b9bafe99e248372b8f28e.blog-shortcode.dividers-on article,\n  .blog-shortcode.blog-masonry-shortcode-id-f1bd17cc6a3b9bafe99e248372b8f28e.dividers-on.classic-layout-list article {\n    margin-top: 20px;\n    padding: 0;\n  }\n  .blog-shortcode.blog-masonry-shortcode-id-f1bd17cc6a3b9bafe99e248372b8f28e.blog-shortcode.dividers-on article:first-of-type,\n  .blog-shortcode.blog-masonry-shortcode-id-f1bd17cc6a3b9bafe99e248372b8f28e.dividers-on.classic-layout-list article:first-of-type {\n    padding: 0;\n  }\n  #page .blog-shortcode.blog-masonry-shortcode-id-f1bd17cc6a3b9bafe99e248372b8f28e .post-thumbnail-wrap,\n  #page .blog-shortcode.blog-masonry-shortcode-id-f1bd17cc6a3b9bafe99e248372b8f28e .post-entry-content {\n    width: 100%;\n    margin: 0;\n    top: 0;\n  }\n  #page .blog-shortcode.blog-masonry-shortcode-id-f1bd17cc6a3b9bafe99e248372b8f28e .post-thumbnail-wrap {\n    padding: 0;\n  }\n  #page .blog-shortcode.blog-masonry-shortcode-id-f1bd17cc6a3b9bafe99e248372b8f28e .post-entry-content:after {\n    display: none;\n  }\n  #page .blog-shortcode.blog-masonry-shortcode-id-f1bd17cc6a3b9bafe99e248372b8f28e .project-even .post-thumbnail-wrap,\n  #page .blog-shortcode.blog-masonry-shortcode-id-f1bd17cc6a3b9bafe99e248372b8f28e.centered-layout-list .post-thumbnail-wrap {\n    -webkit-order: 0;\n    -moz-order: 0;\n    -ms-flex-order: 0;\n    order: 0;\n  }\n  #page .blog-shortcode.blog-masonry-shortcode-id-f1bd17cc6a3b9bafe99e248372b8f28e.centered-layout-list .post-entry-title-content {\n    -webkit-order: 1;\n    -moz-order: 1;\n    -ms-flex-order: 1;\n    order: 1;\n    width: 100%;\n    padding: 20px 20px 0;\n  }\n  #page .blog-shortcode.blog-masonry-shortcode-id-f1bd17cc6a3b9bafe99e248372b8f28e.centered-layout-list .post-entry-content {\n    -webkit-order: 2;\n    -moz-order: 2;\n    -ms-flex-order: 2;\n    order: 2;\n    padding-top: 0;\n  }\n  #page .blog-shortcode.blog-masonry-shortcode-id-f1bd17cc6a3b9bafe99e248372b8f28e .fancy-categories {\n    top: 10px;\n    left: 10px;\n    bottom: auto;\n    right: auto;\n  }\n  #page .blog-shortcode.blog-masonry-shortcode-id-f1bd17cc6a3b9bafe99e248372b8f28e .fancy-date a {\n    top: 10px;\n    right: 10px;\n    left: auto;\n    bottom: auto;\n  }\n  #page .blog-shortcode.blog-masonry-shortcode-id-f1bd17cc6a3b9bafe99e248372b8f28e .post-entry-content {\n    padding: 20px;\n  }\n  #page .blog-shortcode.blog-masonry-shortcode-id-f1bd17cc6a3b9bafe99e248372b8f28e .entry-title {\n    margin: 3px 0 5px;\n    font-size: 20px;\n    line-height: 26px;\n  }\n  #page .blog-shortcode.blog-masonry-shortcode-id-f1bd17cc6a3b9bafe99e248372b8f28e .entry-meta {\n    margin: 5px 0 5px;\n  }\n  #page .blog-shortcode.blog-masonry-shortcode-id-f1bd17cc6a3b9bafe99e248372b8f28e .entry-excerpt {\n    margin: 15px 0 0;\n  }\n  #page .blog-shortcode.blog-masonry-shortcode-id-f1bd17cc6a3b9bafe99e248372b8f28e .post-details {\n    margin: 5px 0 10px;\n  }\n  #page .blog-shortcode.blog-masonry-shortcode-id-f1bd17cc6a3b9bafe99e248372b8f28e .post-details.details-type-link {\n    margin-bottom: 2px;\n  }\n}\n<\/style><div class=\"blog-shortcode blog-masonry-shortcode-id-f1bd17cc6a3b9bafe99e248372b8f28e mode-masonry classic-layout-list jquery-filter horizontal-fancy-style enable-bg-rollover dt-icon-bg-off resize-by-browser-width loading-effect-none description-under-image \" data-padding=\"15px\" data-cur-page=\"1\" data-post-limit=\"-1\" data-pagination-mode=\"none\" data-desktop-columns-num=\"3\" data-v-tablet-columns-num=\"2\" data-h-tablet-columns-num=\"3\" data-phone-columns-num=\"1\" data-width=\"0px\" data-columns=\"0\"><div class=\"iso-container\" ><\/div><!-- iso-container|iso-grid --><\/div>[\/vc_column][\/vc_row]<\/p>\n","protected":false},"excerpt":{"rendered":"<p>[vc_row full_width=&#8221;stretch_row&#8221; bg_type=&#8221;bg_color&#8221; bg_override=&#8221;ex-full&#8221; type=&#8221;vc_default&#8221; bg_color_value=&#8221;#f5f5f5&#8243; css=&#8221;.vc_custom_1496417868939{padding-top: 70px !important;padding-bottom: 20px !important;}&#8221;][vc_column width=&#8221;1\/6&#8243; css=&#8221;.vc_custom_1490364209546{padding-bottom: 80px !important;}&#8221;][\/vc_column][vc_column width=&#8221;2\/3&#8243;][vc_empty_space][vc_column_text css=&#8221;.vc_custom_1580469790589{padding-bottom: 20px !important;}&#8221;]Swiss Venture Advisor l\u00e0 m\u1ed9t c\u00f4ng ty t\u01b0 v\u1ea5n chuy\u00ean cung c\u1ea5p d\u1ecbch v\u1ee5 xuy\u00ean qu\u1ed1c gia gi\u1eefa Vi\u1ec7t Nam v\u00e0 c\u00e1c n\u01b0\u1edbc Ch\u00e2u \u00e2u. Ch\u00fang t\u00f4i t\u1eadp trung v\u00e0o vi\u1ec7c t\u1ea1o ra m\u1ed9t m\u1ed1i li\u00ean h\u1ec7&hellip;<\/p>\n","protected":false},"author":1,"featured_media":0,"parent":0,"menu_order":0,"comment_status":"closed","ping_status":"closed","template":"","meta":[],"_links":{"self":[{"href":"https:\/\/swissventureadvisors.com\/index.php\/wp-json\/wp\/v2\/pages\/1875"}],"collection":[{"href":"https:\/\/swissventureadvisors.com\/index.php\/wp-json\/wp\/v2\/pages"}],"about":[{"href":"https:\/\/swissventureadvisors.com\/index.php\/wp-json\/wp\/v2\/types\/page"}],"author":[{"embeddable":true,"href":"https:\/\/swissventureadvisors.com\/index.php\/wp-json\/wp\/v2\/users\/1"}],"replies":[{"embeddable":true,"href":"https:\/\/swissventureadvisors.com\/index.php\/wp-json\/wp\/v2\/comments?post=1875"}],"version-history":[{"count":13,"href":"https:\/\/swissventureadvisors.com\/index.php\/wp-json\/wp\/v2\/pages\/1875\/revisions"}],"predecessor-version":[{"id":2001,"href":"https:\/\/swissventureadvisors.com\/index.php\/wp-json\/wp\/v2\/pages\/1875\/revisions\/2001"}],"wp:attachment":[{"href":"https:\/\/swissventureadvisors.com\/index.php\/wp-json\/wp\/v2\/media?parent=1875"}],"curies":[{"name":"wp","href":"https:\/\/api.w.org\/{rel}","templated":true}]}}