{"id":1917,"date":"2016-01-29T10:12:39","date_gmt":"2016-01-29T10:12:39","guid":{"rendered":"https:\/\/swissventureadvisors.com\/index.php\/about\/"},"modified":"2020-01-31T11:21:21","modified_gmt":"2020-01-31T11:21:21","slug":"about","status":"publish","type":"page","link":"https:\/\/swissventureadvisors.com\/index.php\/about\/?lang=vi","title":{"rendered":"Gi\u1edbi thi\u1ec7u"},"content":{"rendered":"<p>[vc_row type=&#8221;vc_default&#8221; css=&#8221;.vc_custom_1476008791393{padding-top: 70px !important;padding-bottom: 25px !important;}&#8221;][vc_column offset=&#8221;vc_col-lg-6 vc_col-md-6 vc_col-xs-12&#8243; css=&#8221;.vc_custom_1476005293248{padding-bottom: 50px !important;}&#8221;]<div id=\"ultimate-heading-543269e843ac6d857\" class=\"uvc-heading ult-adjust-bottom-margin ultimate-heading-543269e843ac6d857 uvc-8560 \" data-hspacer=\"no_spacer\"  data-halign=\"left\" style=\"text-align:left\"><div class=\"uvc-heading-spacer no_spacer\" style=\"top\"><\/div><div class=\"uvc-main-heading ult-responsive\"  data-ultimate-target='.uvc-heading.ultimate-heading-543269e843ac6d857 h2'  data-responsive-json-new='{\"font-size\":\"desktop:26px;\",\"line-height\":\"desktop:32px;\"}' ><h2 style=\"font-weight:bold;margin-bottom:20px;\">Swiss Venture Advisors LLC<\/h2><\/div><\/div>[vc_column_text]Swiss Venture Advisor l\u00e0 m\u1ed9t c\u00f4ng ty t\u01b0 v\u1ea5n chuy\u00ean cung c\u1ea5p d\u1ecbch v\u1ee5 xuy\u00ean qu\u1ed1c gia gi\u1eefa Vi\u1ec7t Nam v\u00e0 c\u00e1c n\u01b0\u1edbc Ch\u00e2u \u00e2u.<\/p>\n<p>Ch\u00fang t\u00f4i t\u1eadp trung v\u00e0o vi\u1ec7c t\u1ea1o ra m\u1ed9t m\u1ed1i li\u00ean h\u1ec7 l\u00e2u d\u00e0i d\u1ef1a ni\u1ec1m tin v\u00e0 k\u1ebft qu\u1ea3 nh\u1eadn \u0111\u01b0\u1ee3c b\u1eb1ng c\u00e1ch \u0111\u1ea1t \u0111\u01b0\u1ee3c s\u1ef1 th\u1ea5u hi\u1ec3u s\u00e2u s\u1eafc v\u1edbi nhu c\u1ea7u c\u1ee7a kh\u00e1ch h\u00e0ng.<\/p>\n<p>Swiss Venture Advisors Management \u0111\u00e3 c\u00f3 h\u01a1n 20 n\u0103m kinh nghi\u1ec7m trong l\u0129nh v\u1ef1c d\u1ecbch v\u1ee5 t\u00e0i ch\u00ednh v\u00e0 b\u1ea5t \u0111\u1ed9ng s\u1ea3n \u1edf \u00dac, Ch\u00e2u \u00c1 v\u00e0 Ch\u00e2u \u00c2u.[\/vc_column_text][\/vc_column][vc_column offset=&#8221;vc_col-lg-6 vc_col-md-6 vc_col-xs-12&#8243; css=&#8221;.vc_custom_1476005300152{padding-bottom: 50px !important;}&#8221;][vc_single_image image=&#8221;1861&#8243; img_size=&#8221;full&#8221;][\/vc_column][\/vc_row]<\/p>\n","protected":false},"excerpt":{"rendered":"<p>[vc_row type=&#8221;vc_default&#8221; css=&#8221;.vc_custom_1476008791393{padding-top: 70px !important;padding-bottom: 25px !important;}&#8221;][vc_column offset=&#8221;vc_col-lg-6 vc_col-md-6 vc_col-xs-12&#8243; css=&#8221;.vc_custom_1476005293248{padding-bottom: 50px !important;}&#8221;][vc_column_text]Swiss Venture Advisor l\u00e0 m\u1ed9t c\u00f4ng ty t\u01b0 v\u1ea5n chuy\u00ean cung c\u1ea5p d\u1ecbch v\u1ee5 xuy\u00ean qu\u1ed1c gia gi\u1eefa Vi\u1ec7t Nam v\u00e0 c\u00e1c n\u01b0\u1edbc Ch\u00e2u \u00e2u. Ch\u00fang t\u00f4i t\u1eadp trung v\u00e0o vi\u1ec7c t\u1ea1o ra m\u1ed9t m\u1ed1i li\u00ean h\u1ec7 l\u00e2u d\u00e0i d\u1ef1a ni\u1ec1m tin v\u00e0&hellip;<\/p>\n","protected":false},"author":1,"featured_media":0,"parent":0,"menu_order":100,"comment_status":"closed","ping_status":"closed","template":"","meta":[],"_links":{"self":[{"href":"https:\/\/swissventureadvisors.com\/index.php\/wp-json\/wp\/v2\/pages\/1917"}],"collection":[{"href":"https:\/\/swissventureadvisors.com\/index.php\/wp-json\/wp\/v2\/pages"}],"about":[{"href":"https:\/\/swissventureadvisors.com\/index.php\/wp-json\/wp\/v2\/types\/page"}],"author":[{"embeddable":true,"href":"https:\/\/swissventureadvisors.com\/index.php\/wp-json\/wp\/v2\/users\/1"}],"replies":[{"embeddable":true,"href":"https:\/\/swissventureadvisors.com\/index.php\/wp-json\/wp\/v2\/comments?post=1917"}],"version-history":[{"count":2,"href":"https:\/\/swissventureadvisors.com\/index.php\/wp-json\/wp\/v2\/pages\/1917\/revisions"}],"predecessor-version":[{"id":1997,"href":"https:\/\/swissventureadvisors.com\/index.php\/wp-json\/wp\/v2\/pages\/1917\/revisions\/1997"}],"wp:attachment":[{"href":"https:\/\/swissventureadvisors.com\/index.php\/wp-json\/wp\/v2\/media?parent=1917"}],"curies":[{"name":"wp","href":"https:\/\/api.w.org\/{rel}","templated":true}]}}